{"id":582,"date":"2025-07-07T19:59:27","date_gmt":"2025-07-07T17:59:27","guid":{"rendered":"http:\/\/5.45.101.177\/aurail\/?page_id=582"},"modified":"2025-07-07T20:29:04","modified_gmt":"2025-07-07T18:29:04","slug":"notre-charte","status":"publish","type":"page","link":"https:\/\/aurail.eu\/?page_id=582","title":{"rendered":"Notre Charte"},"content":{"rendered":"<p><strong>1. Nos objectifs<\/strong><\/p>\n<p>&#8211; Organiser ou participer \u00e0 des r\u00e9unions avec les parties prenantes du ferroviaire (Etat, R\u00e9gion, Collectivit\u00e9s comme Autorit\u00e9s Organisatrices des Transports, gestionnaires d\u2019infrastructures&#8230;),<br \/>\n&#8211; Organiser ou participer \u00e0 des \u00e9v\u00e9nements ou des actions communes pour d\u00e9fendre le ferroviaire, part essentielle des mobilit\u00e9s du quotidien,<br \/>\n&#8211; Communiquer suite \u00e0 des \u00e9v\u00e8nements ou des d\u00e9cisions concernant les mobilit\u00e9s en train des citoyens.<\/p>\n<p><strong>2. Les membres<\/strong><\/p>\n<p>Peut entrer dans le collectif toute organisation de citoyen.ne.s Auvergnats ou Rh\u00f4ne-Alpins qui d\u00e9fend le transport ferroviaire en r\u00e9gion Auvergne Rh\u00f4ne-Alpes.<\/p>\n<p><strong>3. R\u00e8gles internes<\/strong><\/p>\n<p>Faire partie d&#8217;AuRAil implique de participer aux r\u00e9unions mensuelles, aux actions et d\u2019engager son organisation dans les actions du collectif.<\/p>\n<p><strong>4. Solidarit\u00e9 interne<\/strong><\/p>\n<p>Nous constituons un r\u00e9seau d\u2019organisations de d\u00e9fense des mobilit\u00e9s en train des citoyens. Nous sommes solidaires des actions men\u00e9es par chacun d&#8217;entre nous.<\/p>\n<p><strong>5. Moyens \u00e0 disposition<\/strong><\/p>\n<p>&#8211; les rencontres avec les d\u00e9cideurs,<br \/>\n&#8211; les actions de repr\u00e9sentations,<br \/>\n&#8211; les op\u00e9rations \/ actions communes,<br \/>\n&#8211; les actions de protestation, p\u00e9titions&#8230;<br \/>\n&#8211; la coh\u00e9sion,<br \/>\n&#8211; les r\u00e9actions \u00e0 l&#8217;actualit\u00e9,<br \/>\n&#8211; la possibilit\u00e9 d&#8217;organiser des \u00e9v\u00e9nements p\u00e9riodiques.<\/p>\n<p><strong>6. Communication interne<\/strong><\/p>\n<p>&#8211; Liste de diffusion par mails asynchrone,<br \/>\n&#8211; R\u00e9unions en visio conf\u00e9rence et en pr\u00e9sentiel,<br \/>\n&#8211; Tout autre moyen que nous jugerons utile.<\/p>\n<p><strong>7. P\u00e9rim\u00e8tre de fonctionnement<\/strong><\/p>\n<p>Si n\u00e9cessaire nos actions peuvent d\u00e9passer le cadre r\u00e9gional d&#8217;Auvergne Rh\u00f4ne Alpes et se porter au del\u00e0.<\/p>\n<p><strong>8. Autres r\u00e8gles<\/strong><\/p>\n<p>&#8211; Les membres du collectif s&#8217;engagent \u00e0 faire appara\u00eetre sur leur communication (r\u00e9seaux, sites web, prospectus, lettres&#8230;) le logo du collectif.<\/p>\n<p>&#8211; Le collectif s&#8217;engage dans toutes ses communications \u00e0 faire figurer les logos des membres.<\/p>\n<p>&#8211; Un principe : la non participation \u00e0 un d\u00e9bat en cours vaut consentement, par exemple la r\u00e9daction d&#8217;un communiqu\u00e9 de presse. &#8220;Qui ne dit rien consent&#8221;.<\/p>\n<p>&#8211; Pour plus d&#8217;autonomie, de libert\u00e9, d&#8217;ind\u00e9pendance, le choix du collectif a \u00e9t\u00e9 fait. Un collectif n&#8217;a pas de budget. Les d\u00e9penses obligatoires sont faites dans le cadre du b\u00e9n\u00e9volat, chacun participe selon sa possibilit\u00e9. Pour une op\u00e9ration importante convenue il peut \u00eatre fait appel \u00e0 la mise en place d&#8217;une cagnotte participative.<\/p>\n<p><em>[Adopt\u00e9 le 7 juillet 2025]<\/em><\/p>\n","protected":false},"excerpt":{"rendered":"<p>1. Nos objectifs &#8211; Organiser ou participer \u00e0 des r\u00e9unions avec les parties prenantes du ferroviaire (Etat, R\u00e9gion,<\/p>\n","protected":false},"author":1,"featured_media":0,"parent":0,"menu_order":0,"comment_status":"closed","ping_status":"closed","template":"","meta":[],"_links":{"self":[{"href":"https:\/\/aurail.eu\/index.php?rest_route=\/wp\/v2\/pages\/582"}],"collection":[{"href":"https:\/\/aurail.eu\/index.php?rest_route=\/wp\/v2\/pages"}],"about":[{"href":"https:\/\/aurail.eu\/index.php?rest_route=\/wp\/v2\/types\/page"}],"author":[{"embeddable":true,"href":"https:\/\/aurail.eu\/index.php?rest_route=\/wp\/v2\/users\/1"}],"replies":[{"embeddable":true,"href":"https:\/\/aurail.eu\/index.php?rest_route=%2Fwp%2Fv2%2Fcomments&post=582"}],"version-history":[{"count":2,"href":"https:\/\/aurail.eu\/index.php?rest_route=\/wp\/v2\/pages\/582\/revisions"}],"predecessor-version":[{"id":585,"href":"https:\/\/aurail.eu\/index.php?rest_route=\/wp\/v2\/pages\/582\/revisions\/585"}],"wp:attachment":[{"href":"https:\/\/aurail.eu\/index.php?rest_route=%2Fwp%2Fv2%2Fmedia&parent=582"}],"curies":[{"name":"wp","href":"https:\/\/api.w.org\/{rel}","templated":true}]}}