{"id":66,"date":"2024-08-15T14:47:21","date_gmt":"2024-08-15T12:47:21","guid":{"rendered":"http:\/\/5.45.101.177\/aurail\/?page_id=66"},"modified":"2026-04-06T16:41:24","modified_gmt":"2026-04-06T14:41:24","slug":"qui-sommes-nous","status":"publish","type":"page","link":"https:\/\/aurail.eu\/?page_id=66","title":{"rendered":"Qui sommes nous ?"},"content":{"rendered":"<p>En juin 2023 19 organisations de d\u00e9fense des usagers du train actives en r\u00e9gion Auvergne Rh\u00f4ne Alpes se sont r\u00e9unies\u00a0 pour tenter de r\u00e9soudre les difficult\u00e9s communes de mobilit\u00e9 ferroviaire.<\/p>\n<p>Nous sommes \u00e0 pr\u00e9sent 20 :<\/p>\n<ul>\n<li><em><a href=\"https:\/\/www.facebook.com\/gardonslaligne\">Gardons la ligne de la Br\u00e9venne (Rh\u00f4ne)<\/a><\/em><\/li>\n<li><em><a href=\"https:\/\/www.traindesvolcans.fr\/\">Retour du Train des Volcans (Puy de D\u00f4me)<\/a><\/em><\/li>\n<li><em>Usagers de la ligne Clermont-Ferrand \u2013 Volvic (Puy de D\u00f4me)<\/em><\/li>\n<li><em>Collectif Citoyen La Bourboule (Puy de D\u00f4me)<\/em><\/li>\n<li><em><a href=\"https:\/\/cutpsa07.fr\/\">Usagers des Transports Publics en Sud-Ard\u00e8che (Ard\u00e8che)<\/a><\/em><\/li>\n<li><em><a href=\"https:\/\/letrain634269.org\/\">LeTrain634269 (Loire)<\/a><\/em><\/li>\n<li><em><a href=\"https:\/\/etoileferroviairedeveynes.info\/\">Etoile ferroviaire de Veynes (Is\u00e8re)<\/a><\/em><\/li>\n<li><em><a href=\"https:\/\/www.velocite63.fr\/\">V\u00e9lo-Cit\u00e9 63 (Puy de D\u00f4me)<\/a><\/em><\/li>\n<li><em><a href=\"https:\/\/massif-central.nous-voyageurs.eu\/\">Nous Voyageurs ! Massif central (Haute-Loire)<\/a><\/em><\/li>\n<li><em><a href=\"https:\/\/usagers-transports.haut-allier.eu\/\">Usagers des transports du Haut Allier\u00a0(Haute-Loire)<\/a><\/em><\/li>\n<li><em><a href=\"https:\/\/adelifpaly.fr\/\">ADELIFPALY (Allier)<\/a><\/em><\/li>\n<li><em><a href=\"https:\/\/www.facebook.com\/collectifecomobilitebrevenneturdine\/\">Pour le D\u00e9veloppement de l&#8217;\u00e9comobilit\u00e9 sur les\u00a0vall\u00e9es Br\u00e9venne et Turdine (Rh\u00f4ne)<\/a><\/em><\/li>\n<li><em>Elus et citoyens pour la D\u00e9fense de la ligne\u00a0ferroviaire Volvic-Le Mont Dore (Puy-de-D\u00f4me)<\/em><\/li>\n<li><em>Collectif TER Ligne 53 Chamb\u00e9ry Modane (Savoie)<\/em><\/li>\n<li><em>Amis du Train (Haute-Savoie)<\/em><\/li>\n<li><em><a href=\"https:\/\/www.facebook.com\/AUTERVR\/?locale=fr_FR\">Association des usagers des Ter de la vall\u00e9e du Rh\u00f4ne &#8211; AuterVR (Rh\u00f4ne)<\/a><\/em><\/li>\n<li><em><a href=\"https:\/\/arfsecretariat.wixsite.com\/association-arf\">Amis du Rail du Forez (Loire)<\/a><\/em><\/li>\n<li><em><a href=\"https:\/\/www.2ratl6.fr\/\" target=\"_blank\" rel=\"noopener\">Association 2RATL (Loire)<\/a><\/em><\/li>\n<li><a href=\"https:\/\/www.traindesvolcans.fr\/Federer\"><em>F\u00e9d\u00e9ration Agir pour la ligne Clermont Ferrand &#8211; Le Mont-Dore &#8211; Ussel &#8211; Tulle<\/em><\/a><\/li>\n<li><a href=\"https:\/\/www.rersudleman.com\/\"><em>RER Sud L\u00e9man<\/em><\/a><\/li>\n<\/ul>\n<p>Si vous d\u00e9fendez le ferroviaire des citoyens auvergnats et rh\u00f4nalpins, pourquoi pas nous rejoindre ?<\/p>\n<p>Notre contact : <a href=\"mailto:voeuferroviairecper23aura@gmail.com\">voeuferroviairecper23aura@gmail.com<\/a><\/p>\n","protected":false},"excerpt":{"rendered":"<p>En juin 2023 19 organisations de d\u00e9fense des usagers du train actives en r\u00e9gion Auvergne Rh\u00f4ne Alpes se<\/p>\n","protected":false},"author":1,"featured_media":0,"parent":0,"menu_order":0,"comment_status":"closed","ping_status":"closed","template":"","meta":[],"_links":{"self":[{"href":"https:\/\/aurail.eu\/index.php?rest_route=\/wp\/v2\/pages\/66"}],"collection":[{"href":"https:\/\/aurail.eu\/index.php?rest_route=\/wp\/v2\/pages"}],"about":[{"href":"https:\/\/aurail.eu\/index.php?rest_route=\/wp\/v2\/types\/page"}],"author":[{"embeddable":true,"href":"https:\/\/aurail.eu\/index.php?rest_route=\/wp\/v2\/users\/1"}],"replies":[{"embeddable":true,"href":"https:\/\/aurail.eu\/index.php?rest_route=%2Fwp%2Fv2%2Fcomments&post=66"}],"version-history":[{"count":8,"href":"https:\/\/aurail.eu\/index.php?rest_route=\/wp\/v2\/pages\/66\/revisions"}],"predecessor-version":[{"id":991,"href":"https:\/\/aurail.eu\/index.php?rest_route=\/wp\/v2\/pages\/66\/revisions\/991"}],"wp:attachment":[{"href":"https:\/\/aurail.eu\/index.php?rest_route=%2Fwp%2Fv2%2Fmedia&parent=66"}],"curies":[{"name":"wp","href":"https:\/\/api.w.org\/{rel}","templated":true}]}}